{"id":227,"date":"2023-07-10T10:55:15","date_gmt":"2023-07-10T10:55:15","guid":{"rendered":"https:\/\/www.glas-salge.de\/?page_id=227"},"modified":"2025-04-10T15:20:38","modified_gmt":"2025-04-10T13:20:38","slug":"unternehmen","status":"publish","type":"page","link":"https:\/\/www.glas-salge.de\/en\/unternehmen\/","title":{"rendered":"Unternehmen"},"content":{"rendered":"<div data-elementor-type=\"wp-page\" data-elementor-id=\"227\" class=\"elementor elementor-227\" data-elementor-post-type=\"page\">\n\t\t\t\t\t\t<section class=\"elementor-section elementor-top-section elementor-element elementor-element-144b997 elementor-section-content-middle elementor-section-boxed elementor-section-height-default elementor-section-height-default\" data-id=\"144b997\" data-element_type=\"section\" data-settings=\"{&quot;background_background&quot;:&quot;classic&quot;,&quot;jet_parallax_layout_list&quot;:[]}\">\n\t\t\t\t\t\t\t<div class=\"elementor-background-overlay\"><\/div>\n\t\t\t\t\t\t\t<div class=\"elementor-container elementor-column-gap-default\">\n\t\t\t\t\t<div class=\"elementor-column elementor-col-50 elementor-top-column elementor-element elementor-element-265de25\" data-id=\"265de25\" data-element_type=\"column\">\n\t\t\t<div class=\"elementor-widget-wrap elementor-element-populated\">\n\t\t\t\t\t\t\t<\/div>\n\t\t<\/div>\n\t\t\t\t<div class=\"elementor-column elementor-col-50 elementor-top-column elementor-element elementor-element-5a53699\" data-id=\"5a53699\" data-element_type=\"column\">\n\t\t\t<div class=\"elementor-widget-wrap elementor-element-populated\">\n\t\t\t\t\t\t<div class=\"elementor-element elementor-element-4d8dc74 elementor-icon-list--layout-inline elementor-widget__width-auto elementor-list-item-link-full_width elementor-widget elementor-widget-icon-list\" data-id=\"4d8dc74\" data-element_type=\"widget\" data-widget_type=\"icon-list.default\">\n\t\t\t\t\t\t\t<ul class=\"elementor-icon-list-items elementor-inline-items\">\n\t\t\t\t\t\t\t<li class=\"elementor-icon-list-item elementor-inline-item\">\n\t\t\t\t\t\t\t\t\t\t\t<a href=\"https:\/\/www.glas-salge.de\/en\">\n\n\t\t\t\t\t\t\t\t\t\t\t<span class=\"elementor-icon-list-text\">Home <\/span>\n\t\t\t\t\t\t\t\t\t\t\t<\/a>\n\t\t\t\t\t\t\t\t\t<\/li>\n\t\t\t\t\t\t\t\t<li class=\"elementor-icon-list-item elementor-inline-item\">\n\t\t\t\t\t\t\t\t\t\t<span class=\"elementor-icon-list-text\"><\/span>\n\t\t\t\t\t\t\t\t\t<\/li>\n\t\t\t\t\t\t<\/ul>\n\t\t\t\t\t\t<\/div>\n\t\t\t\t\t<\/div>\n\t\t<\/div>\n\t\t\t\t\t<\/div>\n\t\t<\/section>\n\t\t\t\t<section class=\"elementor-section elementor-top-section elementor-element elementor-element-d89943b elementor-section-content-top elementor-reverse-mobile elementor-reverse-tablet elementor-section-boxed elementor-section-height-default elementor-section-height-default\" data-id=\"d89943b\" data-element_type=\"section\" data-settings=\"{&quot;jet_parallax_layout_list&quot;:[]}\">\n\t\t\t\t\t\t<div class=\"elementor-container elementor-column-gap-default\">\n\t\t\t\t\t<div class=\"elementor-column elementor-col-50 elementor-top-column elementor-element elementor-element-db505f4 elementor-hidden-tablet elementor-hidden-mobile\" data-id=\"db505f4\" data-element_type=\"column\">\n\t\t\t<div class=\"elementor-widget-wrap elementor-element-populated\">\n\t\t\t\t\t\t<div class=\"elementor-element elementor-element-9684db2 elementor-widget-tablet__width-auto elementor-widget elementor-widget-image\" data-id=\"9684db2\" data-element_type=\"widget\" data-widget_type=\"image.default\">\n\t\t\t\t\t\t\t\t\t\t\t\t\t\t\t<img fetchpriority=\"high\" decoding=\"async\" width=\"1695\" height=\"1080\" src=\"https:\/\/www.glas-salge.de\/wp-content\/uploads\/2023\/10\/csm_methode_all_d730a583ba-13426261_f44eb172-d155-11e8-8dbc-cc1fbaaeb2a0_e795b1b6e2.jpg\" class=\"attachment-full size-full wp-image-4206\" alt=\"\" srcset=\"https:\/\/www.glas-salge.de\/wp-content\/uploads\/2023\/10\/csm_methode_all_d730a583ba-13426261_f44eb172-d155-11e8-8dbc-cc1fbaaeb2a0_e795b1b6e2.jpg 1695w, https:\/\/www.glas-salge.de\/wp-content\/uploads\/2023\/10\/csm_methode_all_d730a583ba-13426261_f44eb172-d155-11e8-8dbc-cc1fbaaeb2a0_e795b1b6e2-300x191.jpg 300w, https:\/\/www.glas-salge.de\/wp-content\/uploads\/2023\/10\/csm_methode_all_d730a583ba-13426261_f44eb172-d155-11e8-8dbc-cc1fbaaeb2a0_e795b1b6e2-1024x652.jpg 1024w, https:\/\/www.glas-salge.de\/wp-content\/uploads\/2023\/10\/csm_methode_all_d730a583ba-13426261_f44eb172-d155-11e8-8dbc-cc1fbaaeb2a0_e795b1b6e2-768x489.jpg 768w, https:\/\/www.glas-salge.de\/wp-content\/uploads\/2023\/10\/csm_methode_all_d730a583ba-13426261_f44eb172-d155-11e8-8dbc-cc1fbaaeb2a0_e795b1b6e2-1536x979.jpg 1536w\" sizes=\"(max-width: 1695px) 100vw, 1695px\" \/>\t\t\t\t\t\t\t\t\t\t\t\t\t\t\t<\/div>\n\t\t\t\t\t<\/div>\n\t\t<\/div>\n\t\t\t\t<div class=\"elementor-column elementor-col-50 elementor-top-column elementor-element elementor-element-edb2e74\" data-id=\"edb2e74\" data-element_type=\"column\">\n\t\t\t<div class=\"elementor-widget-wrap elementor-element-populated\">\n\t\t\t\t\t\t<div class=\"elementor-element elementor-element-5a8bac4 elementor-widget elementor-widget-heading\" data-id=\"5a8bac4\" data-element_type=\"widget\" data-widget_type=\"heading.default\">\n\t\t\t\t\t<h2 class=\"elementor-heading-title elementor-size-default\">Spezialisten f\u00fcr Glas\n<\/h2>\t\t\t\t<\/div>\n\t\t\t\t<div class=\"elementor-element elementor-element-d586750 elementor-widget elementor-widget-text-editor\" data-id=\"d586750\" data-element_type=\"widget\" data-widget_type=\"text-editor.default\">\n\t\t\t\t\t\t\t\t\t<p>Wenn es um das Thema Glas geht, ist die Firma Glas-Salge in Hildesheim und Landkreis ein gesetzter Begriff. Seit \u00fcber 90 Jahren ist das traditionsreiche Familienunternehmen ein Garant f\u00fcr qualitativ hochwertige Arbeit. Die Gro\u00dfhandlung bietet ihren Kunden s\u00e4mtliche Flachglasprodukte, die auf dem europ\u00e4ischen Markt erh\u00e4ltlich sind. Und der Kundenkreis ist gro\u00df: Glas-Verarbeiter wie Tischlereien oder Metallbetriebe sch\u00e4tzen die Arbeit der Hildesheimer Firma ebenso wie Privatkunden.<\/p>\n<p>Das 1919 gegr\u00fcndete Familienunternehmen wird aktuell in der vierten Generation gef\u00fchrt und hat zudem im Jahr 2001 eine eigene Glaserei gegr\u00fcndet. Diese bietet ihren Kunden eine umfangreiche Beratung, sowie Lieferung und Montage aus einer Hand. Reparaturverglasungen, Glas\u00fcberdachungen oder die Umr\u00fcstung auf Energie- oder Einbruchschutzgl\u00e4ser werden von unserem Team schnell und fachgerecht ausgef\u00fchrt.<\/p>\n<p>Das Unternehmen ist au\u00dferdem bem\u00fcht, seinen Kunden die Faszination des Glases n\u00e4her zu bringen. Im Rahmen einer umfangreichen Ausstellung k\u00f6nnen sich Besucher von den vielf\u00e4ltigen Einsatzm\u00f6glichkeiten ein Bild machen und sich geeignete Produkte aussuchen.<\/p>\n<p>Qualifizierte Mitarbeiter, moderne Maschinen und ein mit Spezial-LKW ausgestatteter Fuhrpark runden den zuverl\u00e4ssigen Service ab.<\/p>\t\t\t\t\t\t\t\t<\/div>\n\t\t\t\t<div class=\"elementor-element elementor-element-34defd1 elementor-align-right elementor-widget__width-auto elementor-widget elementor-widget-button\" data-id=\"34defd1\" data-element_type=\"widget\" data-widget_type=\"button.default\">\n\t\t\t\t\t\t\t\t\t\t<a class=\"elementor-button elementor-button-link elementor-size-sm\" href=\"https:\/\/glas-salge.de\/kontakt\/\">\n\t\t\t\t\t\t<span class=\"elementor-button-content-wrapper\">\n\t\t\t\t\t\t\t\t\t<span class=\"elementor-button-text\">Contact<\/span>\n\t\t\t\t\t<\/span>\n\t\t\t\t\t<\/a>\n\t\t\t\t\t\t\t\t<\/div>\n\t\t\t\t\t<\/div>\n\t\t<\/div>\n\t\t\t\t\t<\/div>\n\t\t<\/section>\n\t\t\t\t<section class=\"elementor-section elementor-top-section elementor-element elementor-element-27d1f182 elementor-section-boxed elementor-section-height-default elementor-section-height-default\" data-id=\"27d1f182\" data-element_type=\"section\" data-settings=\"{&quot;jet_parallax_layout_list&quot;:[]}\">\n\t\t\t\t\t\t<div class=\"elementor-container elementor-column-gap-default\">\n\t\t\t\t\t<div class=\"elementor-column elementor-col-20 elementor-top-column elementor-element elementor-element-49a2f106\" data-id=\"49a2f106\" data-element_type=\"column\">\n\t\t\t<div class=\"elementor-widget-wrap elementor-element-populated\">\n\t\t\t\t\t\t<div class=\"elementor-element elementor-element-70c7493 elementor-widget-tablet__width-auto elementor-widget-mobile__width-auto elementor-widget elementor-widget-image\" data-id=\"70c7493\" data-element_type=\"widget\" data-widget_type=\"image.default\">\n\t\t\t\t\t\t\t\t\t\t\t\t\t\t\t<img decoding=\"async\" width=\"126\" height=\"175\" src=\"https:\/\/www.glas-salge.de\/wp-content\/uploads\/2023\/07\/gruender060918-e1689241312837.jpg\" class=\"attachment-full size-full wp-image-246\" alt=\"\" \/>\t\t\t\t\t\t\t\t\t\t\t\t\t\t\t<\/div>\n\t\t\t\t<div class=\"elementor-element elementor-element-438e9c13 elementor-widget elementor-widget-heading\" data-id=\"438e9c13\" data-element_type=\"widget\" data-widget_type=\"heading.default\">\n\t\t\t\t\t<h3 class=\"elementor-heading-title elementor-size-default\">Albert Salge<\/h3>\t\t\t\t<\/div>\n\t\t\t\t<div class=\"elementor-element elementor-element-13367ee1 elementor-widget elementor-widget-heading\" data-id=\"13367ee1\" data-element_type=\"widget\" data-widget_type=\"heading.default\">\n\t\t\t\t\t<h5 class=\"elementor-heading-title elementor-size-default\">Inhaber<\/h5>\t\t\t\t<\/div>\n\t\t\t\t<div class=\"elementor-element elementor-element-ca33588 elementor-widget elementor-widget-heading\" data-id=\"ca33588\" data-element_type=\"widget\" data-widget_type=\"heading.default\">\n\t\t\t\t\t<h5 class=\"elementor-heading-title elementor-size-default\">1919 - 1945<\/h5>\t\t\t\t<\/div>\n\t\t\t\t\t<\/div>\n\t\t<\/div>\n\t\t\t\t<div class=\"elementor-column elementor-col-20 elementor-top-column elementor-element elementor-element-390f2665\" data-id=\"390f2665\" data-element_type=\"column\">\n\t\t\t<div class=\"elementor-widget-wrap elementor-element-populated\">\n\t\t\t\t\t\t<div class=\"elementor-element elementor-element-1f2a9300 elementor-widget-tablet__width-auto elementor-widget-mobile__width-auto elementor-widget elementor-widget-image\" data-id=\"1f2a9300\" data-element_type=\"widget\" data-widget_type=\"image.default\">\n\t\t\t\t\t\t\t\t\t\t\t\t\t\t\t<img decoding=\"async\" width=\"126\" height=\"178\" src=\"https:\/\/www.glas-salge.de\/wp-content\/uploads\/2023\/07\/gruender060918-1-e1689241725298.jpg\" class=\"attachment-full size-full wp-image-650\" alt=\"\" \/>\t\t\t\t\t\t\t\t\t\t\t\t\t\t\t<\/div>\n\t\t\t\t<div class=\"elementor-element elementor-element-50755369 elementor-widget elementor-widget-heading\" data-id=\"50755369\" data-element_type=\"widget\" data-widget_type=\"heading.default\">\n\t\t\t\t\t<h3 class=\"elementor-heading-title elementor-size-default\">Hans-J\u00fcrgen Salge\n<\/h3>\t\t\t\t<\/div>\n\t\t\t\t<div class=\"elementor-element elementor-element-134ce0a elementor-widget elementor-widget-heading\" data-id=\"134ce0a\" data-element_type=\"widget\" data-widget_type=\"heading.default\">\n\t\t\t\t\t<h5 class=\"elementor-heading-title elementor-size-default\">Inhaber<\/h5>\t\t\t\t<\/div>\n\t\t\t\t<div class=\"elementor-element elementor-element-5373456 elementor-widget elementor-widget-heading\" data-id=\"5373456\" data-element_type=\"widget\" data-widget_type=\"heading.default\">\n\t\t\t\t\t<h5 class=\"elementor-heading-title elementor-size-default\">1945 - 1985<\/h5>\t\t\t\t<\/div>\n\t\t\t\t\t<\/div>\n\t\t<\/div>\n\t\t\t\t<div class=\"elementor-column elementor-col-20 elementor-top-column elementor-element elementor-element-5d6d0734\" data-id=\"5d6d0734\" data-element_type=\"column\">\n\t\t\t<div class=\"elementor-widget-wrap elementor-element-populated\">\n\t\t\t\t\t\t<div class=\"elementor-element elementor-element-6c6e5b71 elementor-widget-tablet__width-auto elementor-widget-mobile__width-auto elementor-widget elementor-widget-image\" data-id=\"6c6e5b71\" data-element_type=\"widget\" data-widget_type=\"image.default\">\n\t\t\t\t\t\t\t\t\t\t\t\t\t\t\t<img loading=\"lazy\" decoding=\"async\" width=\"126\" height=\"175\" src=\"https:\/\/www.glas-salge.de\/wp-content\/uploads\/2023\/07\/gruender060918-2-e1689242021842.jpg\" class=\"attachment-full size-full wp-image-657\" alt=\"\" \/>\t\t\t\t\t\t\t\t\t\t\t\t\t\t\t<\/div>\n\t\t\t\t<div class=\"elementor-element elementor-element-496e3d19 elementor-widget elementor-widget-heading\" data-id=\"496e3d19\" data-element_type=\"widget\" data-widget_type=\"heading.default\">\n\t\t\t\t\t<h3 class=\"elementor-heading-title elementor-size-default\">Joachim Salge\n<\/h3>\t\t\t\t<\/div>\n\t\t\t\t<div class=\"elementor-element elementor-element-642d804 elementor-widget elementor-widget-heading\" data-id=\"642d804\" data-element_type=\"widget\" data-widget_type=\"heading.default\">\n\t\t\t\t\t<h5 class=\"elementor-heading-title elementor-size-default\">Inhaber<\/h5>\t\t\t\t<\/div>\n\t\t\t\t<div class=\"elementor-element elementor-element-0da3b42 elementor-widget elementor-widget-heading\" data-id=\"0da3b42\" data-element_type=\"widget\" data-widget_type=\"heading.default\">\n\t\t\t\t\t<h5 class=\"elementor-heading-title elementor-size-default\">1974  -  2015\n<\/h5>\t\t\t\t<\/div>\n\t\t\t\t\t<\/div>\n\t\t<\/div>\n\t\t\t\t<div class=\"elementor-column elementor-col-20 elementor-top-column elementor-element elementor-element-b1d35e5\" data-id=\"b1d35e5\" data-element_type=\"column\">\n\t\t\t<div class=\"elementor-widget-wrap elementor-element-populated\">\n\t\t\t\t\t\t<div class=\"elementor-element elementor-element-5915004 elementor-widget-tablet__width-initial elementor-widget-mobile__width-initial elementor-widget elementor-widget-image\" data-id=\"5915004\" data-element_type=\"widget\" data-widget_type=\"image.default\">\n\t\t\t\t\t\t\t\t\t\t\t\t\t\t\t<img loading=\"lazy\" decoding=\"async\" width=\"423\" height=\"472\" src=\"https:\/\/www.glas-salge.de\/wp-content\/uploads\/2023\/11\/1576575878398-1-removebg-preview__1_-removebg-preview-1-e1700772383123.png\" class=\"attachment-full size-full wp-image-4532\" alt=\"\" srcset=\"https:\/\/www.glas-salge.de\/wp-content\/uploads\/2023\/11\/1576575878398-1-removebg-preview__1_-removebg-preview-1-e1700772383123.png 423w, https:\/\/www.glas-salge.de\/wp-content\/uploads\/2023\/11\/1576575878398-1-removebg-preview__1_-removebg-preview-1-e1700772383123-269x300.png 269w\" sizes=\"(max-width: 423px) 100vw, 423px\" \/>\t\t\t\t\t\t\t\t\t\t\t\t\t\t\t<\/div>\n\t\t\t\t<div class=\"elementor-element elementor-element-9e4d94e elementor-widget elementor-widget-heading\" data-id=\"9e4d94e\" data-element_type=\"widget\" data-widget_type=\"heading.default\">\n\t\t\t\t\t<h3 class=\"elementor-heading-title elementor-size-default\">Christoph Salge<\/h3>\t\t\t\t<\/div>\n\t\t\t\t<div class=\"elementor-element elementor-element-63c50b4 elementor-widget elementor-widget-heading\" data-id=\"63c50b4\" data-element_type=\"widget\" data-widget_type=\"heading.default\">\n\t\t\t\t\t<h5 class=\"elementor-heading-title elementor-size-default\">Vertriebsleitung<\/h5>\t\t\t\t<\/div>\n\t\t\t\t<div class=\"elementor-element elementor-element-d5ff817 elementor-widget elementor-widget-heading\" data-id=\"d5ff817\" data-element_type=\"widget\" data-widget_type=\"heading.default\">\n\t\t\t\t\t<h5 class=\"elementor-heading-title elementor-size-default\">2010 - bis heute\n<\/h5>\t\t\t\t<\/div>\n\t\t\t\t\t<\/div>\n\t\t<\/div>\n\t\t\t\t<div class=\"elementor-column elementor-col-20 elementor-top-column elementor-element elementor-element-676e6a3\" data-id=\"676e6a3\" data-element_type=\"column\">\n\t\t\t<div class=\"elementor-widget-wrap elementor-element-populated\">\n\t\t\t\t\t\t<div class=\"elementor-element elementor-element-f4b7114 elementor-widget-tablet__width-auto elementor-widget-mobile__width-auto elementor-widget elementor-widget-image\" data-id=\"f4b7114\" data-element_type=\"widget\" data-widget_type=\"image.default\">\n\t\t\t\t\t\t\t\t\t\t\t\t\t\t\t<img loading=\"lazy\" decoding=\"async\" width=\"123\" height=\"178\" src=\"https:\/\/www.glas-salge.de\/wp-content\/uploads\/2023\/07\/gruender060918-3-e1689242071757.jpg\" class=\"attachment-full size-full wp-image-658\" alt=\"\" \/>\t\t\t\t\t\t\t\t\t\t\t\t\t\t\t<\/div>\n\t\t\t\t<div class=\"elementor-element elementor-element-af679d9 elementor-widget elementor-widget-heading\" data-id=\"af679d9\" data-element_type=\"widget\" data-widget_type=\"heading.default\">\n\t\t\t\t\t<h3 class=\"elementor-heading-title elementor-size-default\">Angelika Salge\n<\/h3>\t\t\t\t<\/div>\n\t\t\t\t<div class=\"elementor-element elementor-element-6ede74a elementor-widget elementor-widget-heading\" data-id=\"6ede74a\" data-element_type=\"widget\" data-widget_type=\"heading.default\">\n\t\t\t\t\t<h5 class=\"elementor-heading-title elementor-size-default\">Inhaberin<\/h5>\t\t\t\t<\/div>\n\t\t\t\t<div class=\"elementor-element elementor-element-1d32587 elementor-widget elementor-widget-heading\" data-id=\"1d32587\" data-element_type=\"widget\" data-widget_type=\"heading.default\">\n\t\t\t\t\t<h5 class=\"elementor-heading-title elementor-size-default\">1977  -  bis heute<\/h5>\t\t\t\t<\/div>\n\t\t\t\t\t<\/div>\n\t\t<\/div>\n\t\t\t\t\t<\/div>\n\t\t<\/section>\n\t\t\t\t<\/div>","protected":false},"excerpt":{"rendered":"<p>Home Spezialisten f\u00fcr Glas Wenn es um das Thema Glas geht, ist die Firma Glas-Salge in Hildesheim und Landkreis ein gesetzter Begriff. Seit \u00fcber 90 Jahren ist das traditionsreiche Familienunternehmen ein Garant f\u00fcr qualitativ hochwertige Arbeit. Die Gro\u00dfhandlung bietet ihren Kunden s\u00e4mtliche Flachglasprodukte, die auf dem europ\u00e4ischen Markt erh\u00e4ltlich sind. Und der Kundenkreis ist gro\u00df: [&hellip;]<\/p>","protected":false},"author":2,"featured_media":0,"parent":0,"menu_order":0,"comment_status":"closed","ping_status":"closed","template":"elementor_header_footer","meta":{"footnotes":""},"class_list":["post-227","page","type-page","status-publish","hentry"],"_links":{"self":[{"href":"https:\/\/www.glas-salge.de\/en\/wp-json\/wp\/v2\/pages\/227","targetHints":{"allow":["GET"]}}],"collection":[{"href":"https:\/\/www.glas-salge.de\/en\/wp-json\/wp\/v2\/pages"}],"about":[{"href":"https:\/\/www.glas-salge.de\/en\/wp-json\/wp\/v2\/types\/page"}],"author":[{"embeddable":true,"href":"https:\/\/www.glas-salge.de\/en\/wp-json\/wp\/v2\/users\/2"}],"replies":[{"embeddable":true,"href":"https:\/\/www.glas-salge.de\/en\/wp-json\/wp\/v2\/comments?post=227"}],"version-history":[{"count":142,"href":"https:\/\/www.glas-salge.de\/en\/wp-json\/wp\/v2\/pages\/227\/revisions"}],"predecessor-version":[{"id":4970,"href":"https:\/\/www.glas-salge.de\/en\/wp-json\/wp\/v2\/pages\/227\/revisions\/4970"}],"wp:attachment":[{"href":"https:\/\/www.glas-salge.de\/en\/wp-json\/wp\/v2\/media?parent=227"}],"curies":[{"name":"wp","href":"https:\/\/api.w.org\/{rel}","templated":true}]}}