{"id":213,"date":"2023-07-10T10:48:40","date_gmt":"2023-07-10T10:48:40","guid":{"rendered":"https:\/\/www.glas-salge.de\/?page_id=213"},"modified":"2025-04-10T15:20:36","modified_gmt":"2025-04-10T13:20:36","slug":"impressum","status":"publish","type":"page","link":"https:\/\/www.glas-salge.de\/en\/impressum\/","title":{"rendered":"Impressum\u00a0"},"content":{"rendered":"<div data-elementor-type=\"wp-page\" data-elementor-id=\"213\" class=\"elementor elementor-213\" data-elementor-post-type=\"page\">\n\t\t\t\t\t\t<section class=\"elementor-section elementor-top-section elementor-element elementor-element-6cb47ad elementor-section-content-middle elementor-section-boxed elementor-section-height-default elementor-section-height-default\" data-id=\"6cb47ad\" data-element_type=\"section\" data-settings=\"{&quot;background_background&quot;:&quot;classic&quot;,&quot;jet_parallax_layout_list&quot;:[]}\">\n\t\t\t\t\t\t\t<div class=\"elementor-background-overlay\"><\/div>\n\t\t\t\t\t\t\t<div class=\"elementor-container elementor-column-gap-default\">\n\t\t\t\t\t<div class=\"elementor-column elementor-col-50 elementor-top-column elementor-element elementor-element-34524ca\" data-id=\"34524ca\" data-element_type=\"column\">\n\t\t\t<div class=\"elementor-widget-wrap elementor-element-populated\">\n\t\t\t\t\t\t\t<\/div>\n\t\t<\/div>\n\t\t\t\t<div class=\"elementor-column elementor-col-50 elementor-top-column elementor-element elementor-element-6bb306a\" data-id=\"6bb306a\" data-element_type=\"column\">\n\t\t\t<div class=\"elementor-widget-wrap elementor-element-populated\">\n\t\t\t\t\t\t<div class=\"elementor-element elementor-element-f3fcc72 elementor-icon-list--layout-inline elementor-widget__width-auto elementor-list-item-link-full_width elementor-widget elementor-widget-icon-list\" data-id=\"f3fcc72\" data-element_type=\"widget\" data-widget_type=\"icon-list.default\">\n\t\t\t\t\t\t\t<ul class=\"elementor-icon-list-items elementor-inline-items\">\n\t\t\t\t\t\t\t<li class=\"elementor-icon-list-item elementor-inline-item\">\n\t\t\t\t\t\t\t\t\t\t\t<a href=\"https:\/\/www.glas-salge.de\/en\">\n\n\t\t\t\t\t\t\t\t\t\t\t<span class=\"elementor-icon-list-text\">Home <\/span>\n\t\t\t\t\t\t\t\t\t\t\t<\/a>\n\t\t\t\t\t\t\t\t\t<\/li>\n\t\t\t\t\t\t\t\t<li class=\"elementor-icon-list-item elementor-inline-item\">\n\t\t\t\t\t\t\t\t\t\t<span class=\"elementor-icon-list-text\">Impressum\u00a0<\/span>\n\t\t\t\t\t\t\t\t\t<\/li>\n\t\t\t\t\t\t<\/ul>\n\t\t\t\t\t\t<\/div>\n\t\t\t\t\t<\/div>\n\t\t<\/div>\n\t\t\t\t\t<\/div>\n\t\t<\/section>\n\t\t\t\t<section class=\"elementor-section elementor-top-section elementor-element elementor-element-ab03929 elementor-section-boxed elementor-section-height-default elementor-section-height-default\" data-id=\"ab03929\" data-element_type=\"section\" data-settings=\"{&quot;background_background&quot;:&quot;classic&quot;,&quot;jet_parallax_layout_list&quot;:[]}\">\n\t\t\t\t\t\t<div class=\"elementor-container elementor-column-gap-default\">\n\t\t\t\t\t<div class=\"elementor-column elementor-col-100 elementor-top-column elementor-element elementor-element-3627e13\" data-id=\"3627e13\" data-element_type=\"column\">\n\t\t\t<div class=\"elementor-widget-wrap elementor-element-populated\">\n\t\t\t\t\t\t<div class=\"elementor-element elementor-element-2c2c334 elementor-widget elementor-widget-text-editor\" data-id=\"2c2c334\" data-element_type=\"widget\" data-widget_type=\"text-editor.default\">\n\t\t\t\t\t\t\t\t\t<div data-block-type=\"2\">\n<div>\n<div>\n<h2>Kontaktdaten:<\/h2>\n<h3><span style=\"font-family: var(--e-global-typography-primary-font-family ), Sans-serif; color: var( --e-global-color-text ); font-size: var( --e-global-typography-text-font-size ); font-weight: var( --e-global-typography-text-font-weight ); letter-spacing: var( --e-global-typography-text-letter-spacing ); background-color: transparent;\">&nbsp;<\/span><\/h3>\n<h4><strong>Salge Glas<\/strong><\/h4>\n<h4><strong><br><\/strong>Inh. Angelika Salge e.K.<\/h4>\n<p>Steuerwalder Stra\u00dfe 107<br>31137 Hildesheim<\/p>\n<p>Telefon:<b>&nbsp;<\/b><a href=\"tel:490512154425\" rel=\"noopener\"><b>+49 05121 54425<\/b><\/a><\/p>\n<p><span style=\"font-family: var(--e-global-typography-primary-font-family ), Sans-serif; color: var( --e-global-color-text ); font-size: var( --e-global-typography-text-font-size ); font-weight: var( --e-global-typography-text-font-weight ); letter-spacing: var( --e-global-typography-text-letter-spacing ); background-color: transparent;\">Telefax: +49 05121 513305<\/span><br><\/p>\n<p>E-Mail: <a href=\"mailto:info@glas-salge.de\"><b>info@glas-salge.de<\/b><\/a><br>Internet:&nbsp;<a style=\"font-family: var(--e-global-typography-primary-font-family ), Sans-serif; font-size: var( --e-global-typography-text-font-size ); letter-spacing: var( --e-global-typography-text-letter-spacing );\" href=\"https:\/\/glas-salge.de\" rel=\"noopener\"><b>www.glas-salge.de<\/b><\/a><\/p>\n<p><span style=\"background-color: transparent;\">Registergericht: Hildesheim, Registernummer: HRA 202728 Zust\u00e4ndige Kammer: Handwerkskammer Hildesheim<\/span><\/p>\n<p><span style=\"background-color: transparent;\">Haftungshinweis: Trotz sorgf\u00e4ltiger inhaltlicher Kontrolle&nbsp; \u00fcbernehmen wir keine Haftung f\u00fcr die Inhalte externer Links. F\u00fcr den Inhalt der verlinkten Seiten sind ausschlie\u00dflich deren Betreiber verantwortlich.&nbsp; &nbsp;<br><\/span><\/p>\n<h2>&nbsp;<\/h2>\n<h2>Copyright:<\/h2>\n<h3><font color=\"#222222\"><span style=\"font-size: 16px;\">Glas Salge beh\u00e4lt sich das Recht vor, Aktualisierungen, \u00c4nderungen oder Erg\u00e4nzungen an den pr\u00e4sentierten Informationen und Daten unangek\u00fcndigt vorzunehmen. Sowohl das Layout als auch die Texte und Grafiken aller Seiten von www.glas-salge.de unterliegen dem Copyright der Glas Salge. Ohne vorherige schriftliche Zustimmung des Herausgebers d\u00fcrfen keine Informationen oder Daten &#8211; insbesondere Texte, Textteile, Bildmaterial oder Designelemente<br><\/span><\/font><span style=\"font-family: var(--e-global-typography-primary-font-family ), Sans-serif; color: var( --e-global-color-text ); font-size: var( --e-global-typography-text-font-size ); font-weight: var( --e-global-typography-text-font-weight ); letter-spacing: var( --e-global-typography-text-letter-spacing ); background-color: transparent;\">&#8211; verwendet werden. Copyright 2012 Glas Salge. Alle Rechte vorbehalten.<\/span><br><\/h3>\n<\/div>\n<\/div>\n<div>&nbsp;<\/div>\n<\/div>\n<div data-block-type=\"2\">\n<div>\n<div>\n<h2>&nbsp;<\/h2>\n<h2>Haftung:<\/h2>\n<h3><span style=\"font-family: var(--e-global-typography-primary-font-family ), Sans-serif; color: var( --e-global-color-text ); font-size: var( --e-global-typography-text-font-size ); font-weight: var( --e-global-typography-text-font-weight ); letter-spacing: var( --e-global-typography-text-letter-spacing ); background-color: transparent;\">Wir pr\u00fcfen unsere Webseiten auf Aktualit\u00e4t und inhaltliche Richtigkeit. Trotzdem kann keine Gew\u00e4hrleistung f\u00fcr die Richtigkeit der Aussagen dieser Webseite \u00fcbernommen werden. Wir haften nicht f\u00fcr Sch\u00e4den, die auf Grund von Informationen dieser Website entstanden sind. Bitte rufen Sie uns an, um im Zweifel die Richtigkeit best\u00e4tigen zu lassen. Ferner haften wir nicht f\u00fcr verlinkte Seiten und deren Inhalte.<\/span><\/h3>\n<h2>&nbsp;<\/h2>\n<h2>Datenchutz<\/h2>\n<p>Wir fragen ausschlie\u00dflich Daten ab, die zur Bearbeitung Ihrer Anfrage oder Ihres Auftrages notwendig sind. Es unterliegt Ihrer freien Entscheidung, ob Sie diese Daten eingeben. Der Zugriff darauf ist nur wenigen besonders befugten Personen m\u00f6glich, die mit der technischen oder kaufm\u00e4nnischen Betreuung der Anfrage befasst sind. Die Daten werden lediglich f\u00fcr den Zweck verwendet, f\u00fcr den sie eingegeben wurden, und nicht an Dritte verkauft.<\/p>\n<\/div>\n<\/div>\n<div>&nbsp;<\/div>\n<\/div>\n<div data-block-type=\"2\">\n<div>\n<div>\n<h2><strong>Haftungsausschluss (Disclaimer)<\/strong><\/h2>\n<div><strong>&nbsp;<\/strong><\/div>\n<h2>Haftung F\u00fcr Inhalte<\/h2>\n<h3><span style=\"font-family: var(--e-global-typography-primary-font-family ), Sans-serif; color: var( --e-global-color-text ); font-size: var( --e-global-typography-text-font-size ); font-weight: var( --e-global-typography-text-font-weight ); letter-spacing: var( --e-global-typography-text-letter-spacing ); background-color: transparent;\">Als Diensteanbieter sind wir gem\u00e4\u00df \u00a7 7 Abs.1 TMG f\u00fcr eigene Inhalte auf diesen Seiten nach den allgemeinen Gesetzen verantwortlich. Nach \u00a7\u00a7 8 bis 10 TMG sind wir als Diensteanbieter jedoch nicht verpflichtet, \u00fcbermittelte oder gespeicherte fremde Informationen zu \u00fcberwachen oder nach Umst\u00e4nden zu forschen, die auf eine rechtswidrige T\u00e4tigkeit hinweisen. Verpflichtungen zur Entfernung oder Sperrung der Nutzung von Informationen nach den allgemeinen Gesetzen bleiben hiervon unber\u00fchrt. Eine diesbez\u00fcgliche Haftung ist jedoch erst ab dem Zeitpunkt der Kenntnis einer konkreten Rechtsverletzung m\u00f6glich. Bei Bekanntwerden von entsprechenden Rechtsverletzungen werden wir diese Inhalte umgehend entfernen.<\/span><\/h3>\n<h3>&nbsp;<\/h3>\n<h3>Haftung F\u00fcr Links<\/h3>\n<h3><span style=\"font-family: var(--e-global-typography-primary-font-family ), Sans-serif; color: var( --e-global-color-text ); font-size: var( --e-global-typography-text-font-size ); font-weight: var( --e-global-typography-text-font-weight ); letter-spacing: var( --e-global-typography-text-letter-spacing ); background-color: transparent;\">Unser Angebot enth\u00e4lt Links zu externen Webseiten Dritter, auf deren Inhalte wir keinen Einfluss haben. Deshalb k\u00f6nnen wir f\u00fcr diese fremden Inhalte auch keine Gew\u00e4hr \u00fcbernehmen. F\u00fcr die Inhalte der verlinkten Seiten ist stets der jeweilige Anbieter oder Betreiber der Seiten verantwortlich. Die verlinkten Seiten wurden zum Zeitpunkt der Verlinkung auf m\u00f6gliche Rechtsverst\u00f6\u00dfe \u00fcberpr\u00fcft. Rechtswidrige Inhalte waren zum Zeitpunkt der Verlinkung nicht erkennbar. Eine permanente inhaltliche Kontrolle der verlinkten Seiten ist jedoch ohne konkrete Anhaltspunkte einer Rechtsverletzung nicht zumutbar. Bei Bekanntwerden von Rechtsverletzungen werden wir derartige Links umgehend entfernen.<\/span><\/h3>\n<h3>&nbsp;<\/h3>\n<h3>Urheberrecht<\/h3>\n<p>Die durch die Seitenbetreiber erstellten Inhalte und Werke auf diesen Seiten unterliegen dem deutschen Urheberrecht. Die Vervielf\u00e4ltigung, Bearbeitung, Verbreitung und jede Art der Verwertung au\u00dferhalb der Grenzen des Urheberrechtes bed\u00fcrfen der schriftlichen Zustimmung des jeweiligen Autors bzw. Erstellers. Downloads und Kopien dieser Seite sind nur f\u00fcr den privaten, nicht kommerziellen Gebrauch gestattet. Soweit die Inhalte auf dieser Seite nicht vom Betreiber erstellt wurden, werden die Urheberrechte Dritter beachtet. Insbesondere werden Inhalte Dritter als solche gekennzeichnet. Sollten Sie trotzdem auf eine Urheberrechtsverletzung aufmerksam werden, bitten wir um einen entsprechenden Hinweis. Bei Bekanntwerden von Rechtsverletzungen werden wir derartige Inhalte umgehend entfernen.<\/p>\n<p>Quelle: <a href=\"http:\/\/www.e-recht24.de\/\" target=\"_blank\" rel=\"noopener\">http:\/\/www.e-recht24.de<\/a><\/p>\n<\/div>\n<\/div>\n<div>&nbsp;<\/div>\n<\/div>\n<div data-block-type=\"2\">\n<div>\n<div>\n<h3>Fotoquellen<br><span style=\"font-family: var(--e-global-typography-primary-font-family ), Sans-serif; color: var( --e-global-color-text ); font-size: var( --e-global-typography-text-font-size ); font-weight: var( --e-global-typography-text-font-weight ); letter-spacing: var( --e-global-typography-text-letter-spacing ); background-color: transparent;\">&#8211; Fotolia<\/span><\/h3>\n<p>&#8211; Saint Gobain Glas<br>&#8211; Dorma Interior Glas<br>&#8211; Deubl Alpha GmbH<br>&#8211; Ghavamedia<\/p>\n<\/div>\n<\/div>\n<\/div>\n<div data-block-type=\"2\">\n<div>\n<div>&nbsp;<\/div>\n<\/div>\n<\/div>\t\t\t\t\t\t\t\t<\/div>\n\t\t\t\t\t<\/div>\n\t\t<\/div>\n\t\t\t\t\t<\/div>\n\t\t<\/section>\n\t\t\t\t<\/div>","protected":false},"excerpt":{"rendered":"<p>Home Kontaktdaten: &nbsp; Salge Glas Inh. Angelika Salge e.K. Steuerwalder Stra\u00dfe 10731137 Hildesheim Telefon:&nbsp;+49 05121 54425 Telefax: +49 05121 513305 E-Mail: info@glas-salge.deInternet:&nbsp;www.glas-salge.de Registergericht: Hildesheim, Registernummer: HRA 202728 Zust\u00e4ndige Kammer: Handwerkskammer Hildesheim Haftungshinweis: Trotz sorgf\u00e4ltiger inhaltlicher Kontrolle&nbsp; \u00fcbernehmen wir keine Haftung f\u00fcr die Inhalte externer Links. F\u00fcr den Inhalt der verlinkten Seiten sind ausschlie\u00dflich deren Betreiber [&hellip;]<\/p>","protected":false},"author":2,"featured_media":0,"parent":0,"menu_order":0,"comment_status":"closed","ping_status":"closed","template":"elementor_header_footer","meta":{"footnotes":""},"class_list":["post-213","page","type-page","status-publish","hentry"],"_links":{"self":[{"href":"https:\/\/www.glas-salge.de\/en\/wp-json\/wp\/v2\/pages\/213","targetHints":{"allow":["GET"]}}],"collection":[{"href":"https:\/\/www.glas-salge.de\/en\/wp-json\/wp\/v2\/pages"}],"about":[{"href":"https:\/\/www.glas-salge.de\/en\/wp-json\/wp\/v2\/types\/page"}],"author":[{"embeddable":true,"href":"https:\/\/www.glas-salge.de\/en\/wp-json\/wp\/v2\/users\/2"}],"replies":[{"embeddable":true,"href":"https:\/\/www.glas-salge.de\/en\/wp-json\/wp\/v2\/comments?post=213"}],"version-history":[{"count":70,"href":"https:\/\/www.glas-salge.de\/en\/wp-json\/wp\/v2\/pages\/213\/revisions"}],"predecessor-version":[{"id":4384,"href":"https:\/\/www.glas-salge.de\/en\/wp-json\/wp\/v2\/pages\/213\/revisions\/4384"}],"wp:attachment":[{"href":"https:\/\/www.glas-salge.de\/en\/wp-json\/wp\/v2\/media?parent=213"}],"curies":[{"name":"wp","href":"https:\/\/api.w.org\/{rel}","templated":true}]}}