{"id":1495,"date":"2023-07-10T07:33:20","date_gmt":"2023-07-10T07:33:20","guid":{"rendered":"https:\/\/www.glas-salge.de\/?page_id=1495"},"modified":"2025-04-10T15:20:37","modified_gmt":"2025-04-10T13:20:37","slug":"hygienewande","status":"publish","type":"page","link":"https:\/\/www.glas-salge.de\/en\/interior\/hygienewande\/","title":{"rendered":"Hygienew\u00e4nde"},"content":{"rendered":"<div data-elementor-type=\"wp-page\" data-elementor-id=\"1495\" class=\"elementor elementor-1495\" data-elementor-post-type=\"page\">\n\t\t\t\t\t\t<section class=\"elementor-section elementor-top-section elementor-element elementor-element-5e79cc4 elementor-section-content-middle elementor-section-boxed elementor-section-height-default elementor-section-height-default\" data-id=\"5e79cc4\" data-element_type=\"section\" data-settings=\"{&quot;background_background&quot;:&quot;classic&quot;,&quot;jet_parallax_layout_list&quot;:[]}\">\n\t\t\t\t\t\t\t<div class=\"elementor-background-overlay\"><\/div>\n\t\t\t\t\t\t\t<div class=\"elementor-container elementor-column-gap-default\">\n\t\t\t\t\t<div class=\"elementor-column elementor-col-50 elementor-top-column elementor-element elementor-element-0fdf5f7\" data-id=\"0fdf5f7\" data-element_type=\"column\">\n\t\t\t<div class=\"elementor-widget-wrap elementor-element-populated\">\n\t\t\t\t\t\t\t<\/div>\n\t\t<\/div>\n\t\t\t\t<div class=\"elementor-column elementor-col-50 elementor-top-column elementor-element elementor-element-db99ad1\" data-id=\"db99ad1\" data-element_type=\"column\">\n\t\t\t<div class=\"elementor-widget-wrap elementor-element-populated\">\n\t\t\t\t\t\t<div class=\"elementor-element elementor-element-433bd0e elementor-icon-list--layout-inline elementor-widget__width-auto elementor-list-item-link-full_width elementor-widget elementor-widget-icon-list\" data-id=\"433bd0e\" data-element_type=\"widget\" data-widget_type=\"icon-list.default\">\n\t\t\t\t\t\t\t<ul class=\"elementor-icon-list-items elementor-inline-items\">\n\t\t\t\t\t\t\t<li class=\"elementor-icon-list-item elementor-inline-item\">\n\t\t\t\t\t\t\t\t\t\t\t<a href=\"https:\/\/www.glas-salge.de\/en\">\n\n\t\t\t\t\t\t\t\t\t\t\t<span class=\"elementor-icon-list-text\">Home <\/span>\n\t\t\t\t\t\t\t\t\t\t\t<\/a>\n\t\t\t\t\t\t\t\t\t<\/li>\n\t\t\t\t\t\t\t\t<li class=\"elementor-icon-list-item elementor-inline-item\">\n\t\t\t\t\t\t\t\t\t\t<span class=\"elementor-icon-list-text\"><\/span>\n\t\t\t\t\t\t\t\t\t<\/li>\n\t\t\t\t\t\t<\/ul>\n\t\t\t\t\t\t<\/div>\n\t\t\t\t\t<\/div>\n\t\t<\/div>\n\t\t\t\t\t<\/div>\n\t\t<\/section>\n\t\t\t\t<section class=\"elementor-section elementor-top-section elementor-element elementor-element-1ec83df1 elementor-section-content-middle elementor-reverse-mobile elementor-reverse-tablet elementor-section-boxed elementor-section-height-default elementor-section-height-default\" data-id=\"1ec83df1\" data-element_type=\"section\" data-settings=\"{&quot;background_background&quot;:&quot;classic&quot;,&quot;jet_parallax_layout_list&quot;:[]}\">\n\t\t\t\t\t\t<div class=\"elementor-container elementor-column-gap-default\">\n\t\t\t\t\t<div class=\"elementor-column elementor-col-50 elementor-top-column elementor-element elementor-element-55e5527d\" data-id=\"55e5527d\" data-element_type=\"column\">\n\t\t\t<div class=\"elementor-widget-wrap elementor-element-populated\">\n\t\t\t\t\t\t<div class=\"elementor-element elementor-element-328b7499 elementor-widget-tablet__width-auto elementor-widget elementor-widget-image\" data-id=\"328b7499\" data-element_type=\"widget\" data-widget_type=\"image.default\">\n\t\t\t\t\t\t\t\t\t\t\t\t\t\t\t<img fetchpriority=\"high\" decoding=\"async\" width=\"2560\" height=\"1920\" src=\"https:\/\/www.glas-salge.de\/wp-content\/uploads\/2023\/07\/Kleider-scaled.jpg\" class=\"attachment-full size-full wp-image-2619\" alt=\"\" srcset=\"https:\/\/www.glas-salge.de\/wp-content\/uploads\/2023\/07\/Kleider-scaled.jpg 2560w, https:\/\/www.glas-salge.de\/wp-content\/uploads\/2023\/07\/Kleider-300x225.jpg 300w, https:\/\/www.glas-salge.de\/wp-content\/uploads\/2023\/07\/Kleider-1024x768.jpg 1024w, https:\/\/www.glas-salge.de\/wp-content\/uploads\/2023\/07\/Kleider-768x576.jpg 768w, https:\/\/www.glas-salge.de\/wp-content\/uploads\/2023\/07\/Kleider-1536x1152.jpg 1536w, https:\/\/www.glas-salge.de\/wp-content\/uploads\/2023\/07\/Kleider-2048x1536.jpg 2048w\" sizes=\"(max-width: 2560px) 100vw, 2560px\" \/>\t\t\t\t\t\t\t\t\t\t\t\t\t\t\t<\/div>\n\t\t\t\t\t<\/div>\n\t\t<\/div>\n\t\t\t\t<div class=\"elementor-column elementor-col-50 elementor-top-column elementor-element elementor-element-687d4e66\" data-id=\"687d4e66\" data-element_type=\"column\">\n\t\t\t<div class=\"elementor-widget-wrap elementor-element-populated\">\n\t\t\t\t\t\t<div class=\"elementor-element elementor-element-45373558 elementor-widget elementor-widget-heading\" data-id=\"45373558\" data-element_type=\"widget\" data-widget_type=\"heading.default\">\n\t\t\t\t\t<h2 class=\"elementor-heading-title elementor-size-default\">Hygienew\u00e4nde<\/h2>\t\t\t\t<\/div>\n\t\t\t\t<div class=\"elementor-element elementor-element-57c6a1dd elementor-widget elementor-widget-text-editor\" data-id=\"57c6a1dd\" data-element_type=\"widget\" data-widget_type=\"text-editor.default\">\n\t\t\t\t\t\t\t\t\t<p>In sensiblen Bereichen wie Krankenh\u00e4usern, Labors oder Gastronomiebetrieben sind hygienische L\u00f6sungen von entscheidender Bedeutung. Unsere hygienischen Glasw\u00e4nde bieten eine glatte, leicht zu reinigende Oberfl\u00e4che und tragen dazu bei, das Risiko von Keimbildung und Bakterienansammlungen zu minimieren.<\/p>\n<p>Mit unserer Expertise und Erfahrung schaffen wir hygienische Umgebungen, die den h\u00f6chsten Standards gerecht werden und einen sicheren Schutz f\u00fcr Menschen und Produkte bieten. Unsere ma\u00dfgeschneiderten Hygienew\u00e4nde k\u00f6nnen nahtlos in bestehende Einrichtungen integriert werden und helfen, die Gesundheit und Sicherheit ihrer Kunden, Mitarbeiter oder Patienten zu gew\u00e4hrleisten.<\/p>\t\t\t\t\t\t\t\t<\/div>\n\t\t\t\t<section class=\"elementor-section elementor-inner-section elementor-element elementor-element-ada9eb7 elementor-section-boxed elementor-section-height-default elementor-section-height-default\" data-id=\"ada9eb7\" data-element_type=\"section\" data-settings=\"{&quot;background_background&quot;:&quot;classic&quot;,&quot;jet_parallax_layout_list&quot;:[]}\">\n\t\t\t\t\t\t<div class=\"elementor-container elementor-column-gap-default\">\n\t\t\t\t\t<div class=\"elementor-column elementor-col-100 elementor-inner-column elementor-element elementor-element-addbaa9\" data-id=\"addbaa9\" data-element_type=\"column\">\n\t\t\t<div class=\"elementor-widget-wrap elementor-element-populated\">\n\t\t\t\t\t\t<div class=\"elementor-element elementor-element-aee99c2 elementor-widget__width-auto elementor-widget elementor-widget-heading\" data-id=\"aee99c2\" data-element_type=\"widget\" data-widget_type=\"heading.default\">\n\t\t\t\t\t<h2 class=\"elementor-heading-title elementor-size-default\">Trend:<\/h2>\t\t\t\t<\/div>\n\t\t\t\t<div class=\"elementor-element elementor-element-64d1af9 elementor-widget__width-auto elementor-widget elementor-widget-text-editor\" data-id=\"64d1af9\" data-element_type=\"widget\" data-widget_type=\"text-editor.default\">\n\t\t\t\t\t\t\t\t\t<p>#hygienisches Sicherheitsglas<\/p>\t\t\t\t\t\t\t\t<\/div>\n\t\t\t\t\t<\/div>\n\t\t<\/div>\n\t\t\t\t\t<\/div>\n\t\t<\/section>\n\t\t\t\t\t<\/div>\n\t\t<\/div>\n\t\t\t\t\t<\/div>\n\t\t<\/section>\n\t\t\t\t<section class=\"elementor-section elementor-top-section elementor-element elementor-element-a6c6459 elementor-section-boxed elementor-section-height-default elementor-section-height-default\" data-id=\"a6c6459\" data-element_type=\"section\" data-settings=\"{&quot;background_background&quot;:&quot;classic&quot;,&quot;jet_parallax_layout_list&quot;:[]}\">\n\t\t\t\t\t\t<div class=\"elementor-container elementor-column-gap-default\">\n\t\t\t\t\t<div class=\"elementor-column elementor-col-100 elementor-top-column elementor-element elementor-element-3ec6f07\" data-id=\"3ec6f07\" data-element_type=\"column\">\n\t\t\t<div class=\"elementor-widget-wrap elementor-element-populated\">\n\t\t\t\t\t\t<div class=\"elementor-element elementor-element-99e2782 elementor-widget elementor-widget-gallery\" data-id=\"99e2782\" data-element_type=\"widget\" data-settings=\"{&quot;image_hover_animation&quot;:&quot;grow&quot;,&quot;columns_tablet&quot;:4,&quot;columns_mobile&quot;:2,&quot;lazyload&quot;:&quot;yes&quot;,&quot;gallery_layout&quot;:&quot;grid&quot;,&quot;columns&quot;:4,&quot;gap&quot;:{&quot;unit&quot;:&quot;px&quot;,&quot;size&quot;:10,&quot;sizes&quot;:[]},&quot;gap_tablet&quot;:{&quot;unit&quot;:&quot;px&quot;,&quot;size&quot;:10,&quot;sizes&quot;:[]},&quot;gap_mobile&quot;:{&quot;unit&quot;:&quot;px&quot;,&quot;size&quot;:10,&quot;sizes&quot;:[]},&quot;link_to&quot;:&quot;file&quot;,&quot;aspect_ratio&quot;:&quot;3:2&quot;,&quot;overlay_background&quot;:&quot;yes&quot;,&quot;content_hover_animation&quot;:&quot;fade-in&quot;}\" data-widget_type=\"gallery.default\">\n\t\t\t\t\t\t\t<div class=\"elementor-gallery__container\">\n\t\t\t\t\t\t\t<a class=\"e-gallery-item elementor-gallery-item elementor-animated-content\" href=\"https:\/\/www.glas-salge.de\/wp-content\/uploads\/2023\/11\/PHOTO-2023-11-03-13-53-50.jpg\" data-elementor-open-lightbox=\"yes\" data-elementor-lightbox-slideshow=\"99e2782\" data-elementor-lightbox-title=\"PHOTO-2023-11-03-13-53-50\" data-e-action-hash=\"#elementor-action%3Aaction%3Dlightbox%26settings%3DeyJpZCI6NDQyNSwidXJsIjoiaHR0cHM6XC9cL3d3dy5nbGFzLXNhbGdlLmRlXC93cC1jb250ZW50XC91cGxvYWRzXC8yMDIzXC8xMVwvUEhPVE8tMjAyMy0xMS0wMy0xMy01My01MC5qcGciLCJzbGlkZXNob3ciOiI5OWUyNzgyIn0%3D\">\n\t\t\t\t\t<div class=\"e-gallery-image elementor-gallery-item__image\" data-thumbnail=\"https:\/\/www.glas-salge.de\/wp-content\/uploads\/2023\/11\/PHOTO-2023-11-03-13-53-50.jpg\" data-width=\"1600\" data-height=\"720\" aria-label=\"\" role=\"img\" ><\/div>\n\t\t\t\t\t\t\t\t\t\t\t<div class=\"elementor-gallery-item__overlay\"><\/div>\n\t\t\t\t\t\t\t\t\t\t\t\t\t\t<\/a>\n\t\t\t\t\t\t\t<a class=\"e-gallery-item elementor-gallery-item elementor-animated-content\" href=\"https:\/\/www.glas-salge.de\/wp-content\/uploads\/2023\/10\/brochure-stand-a5-dl-perspex-acrylic-transparent-photo-realistic-grey-background-1.jpg\" data-elementor-open-lightbox=\"yes\" data-elementor-lightbox-slideshow=\"99e2782\" data-elementor-lightbox-title=\"brochure-stand-a5-dl-perspex-acrylic-transparent-photo-realistic-grey-background (1)\" data-e-action-hash=\"#elementor-action%3Aaction%3Dlightbox%26settings%3DeyJpZCI6MzgzOSwidXJsIjoiaHR0cHM6XC9cL3d3dy5nbGFzLXNhbGdlLmRlXC93cC1jb250ZW50XC91cGxvYWRzXC8yMDIzXC8xMFwvYnJvY2h1cmUtc3RhbmQtYTUtZGwtcGVyc3BleC1hY3J5bGljLXRyYW5zcGFyZW50LXBob3RvLXJlYWxpc3RpYy1ncmV5LWJhY2tncm91bmQtMS5qcGciLCJzbGlkZXNob3ciOiI5OWUyNzgyIn0%3D\">\n\t\t\t\t\t<div class=\"e-gallery-image elementor-gallery-item__image\" data-thumbnail=\"https:\/\/www.glas-salge.de\/wp-content\/uploads\/2023\/10\/brochure-stand-a5-dl-perspex-acrylic-transparent-photo-realistic-grey-background-1.jpg\" data-width=\"1500\" data-height=\"938\" aria-label=\"\" role=\"img\" ><\/div>\n\t\t\t\t\t\t\t\t\t\t\t<div class=\"elementor-gallery-item__overlay\"><\/div>\n\t\t\t\t\t\t\t\t\t\t\t\t\t\t<\/a>\n\t\t\t\t\t\t\t<a class=\"e-gallery-item elementor-gallery-item elementor-animated-content\" href=\"https:\/\/www.glas-salge.de\/wp-content\/uploads\/2023\/10\/cup-coffee-blank-transparent-retail-display-copy-space-1.jpg\" data-elementor-open-lightbox=\"yes\" data-elementor-lightbox-slideshow=\"99e2782\" data-elementor-lightbox-title=\"cup-coffee-blank-transparent-retail-display-copy-space (1)\" data-e-action-hash=\"#elementor-action%3Aaction%3Dlightbox%26settings%3DeyJpZCI6Mzg0MCwidXJsIjoiaHR0cHM6XC9cL3d3dy5nbGFzLXNhbGdlLmRlXC93cC1jb250ZW50XC91cGxvYWRzXC8yMDIzXC8xMFwvY3VwLWNvZmZlZS1ibGFuay10cmFuc3BhcmVudC1yZXRhaWwtZGlzcGxheS1jb3B5LXNwYWNlLTEuanBnIiwic2xpZGVzaG93IjoiOTllMjc4MiJ9\">\n\t\t\t\t\t<div class=\"e-gallery-image elementor-gallery-item__image\" data-thumbnail=\"https:\/\/www.glas-salge.de\/wp-content\/uploads\/2023\/10\/cup-coffee-blank-transparent-retail-display-copy-space-1.jpg\" data-width=\"1500\" data-height=\"1000\" aria-label=\"\" role=\"img\" ><\/div>\n\t\t\t\t\t\t\t\t\t\t\t<div class=\"elementor-gallery-item__overlay\"><\/div>\n\t\t\t\t\t\t\t\t\t\t\t\t\t\t<\/a>\n\t\t\t\t\t\t\t<a class=\"e-gallery-item elementor-gallery-item elementor-animated-content\" href=\"https:\/\/www.glas-salge.de\/wp-content\/uploads\/2023\/10\/billet-press-wall-with-blank-banner-1.jpg\" data-elementor-open-lightbox=\"yes\" data-elementor-lightbox-slideshow=\"99e2782\" data-elementor-lightbox-title=\"billet-press-wall-with-blank-banner (1)\" data-e-action-hash=\"#elementor-action%3Aaction%3Dlightbox%26settings%3DeyJpZCI6Mzg0MSwidXJsIjoiaHR0cHM6XC9cL3d3dy5nbGFzLXNhbGdlLmRlXC93cC1jb250ZW50XC91cGxvYWRzXC8yMDIzXC8xMFwvYmlsbGV0LXByZXNzLXdhbGwtd2l0aC1ibGFuay1iYW5uZXItMS5qcGciLCJzbGlkZXNob3ciOiI5OWUyNzgyIn0%3D\">\n\t\t\t\t\t<div class=\"e-gallery-image elementor-gallery-item__image\" data-thumbnail=\"https:\/\/www.glas-salge.de\/wp-content\/uploads\/2023\/10\/billet-press-wall-with-blank-banner-1.jpg\" data-width=\"1500\" data-height=\"1500\" aria-label=\"\" role=\"img\" ><\/div>\n\t\t\t\t\t\t\t\t\t\t\t<div class=\"elementor-gallery-item__overlay\"><\/div>\n\t\t\t\t\t\t\t\t\t\t\t\t\t\t<\/a>\n\t\t\t\t\t\t\t<a class=\"e-gallery-item elementor-gallery-item elementor-animated-content\" href=\"https:\/\/www.glas-salge.de\/wp-content\/uploads\/2023\/10\/wireless-keyboard-with-acrylic-plexiglass-separator-setting-work-station-desk-1.jpg\" data-elementor-open-lightbox=\"yes\" data-elementor-lightbox-slideshow=\"99e2782\" data-elementor-lightbox-title=\"wireless-keyboard-with-acrylic-plexiglass-separator-setting-work-station-desk (1)\" data-e-action-hash=\"#elementor-action%3Aaction%3Dlightbox%26settings%3DeyJpZCI6Mzg0MywidXJsIjoiaHR0cHM6XC9cL3d3dy5nbGFzLXNhbGdlLmRlXC93cC1jb250ZW50XC91cGxvYWRzXC8yMDIzXC8xMFwvd2lyZWxlc3Mta2V5Ym9hcmQtd2l0aC1hY3J5bGljLXBsZXhpZ2xhc3Mtc2VwYXJhdG9yLXNldHRpbmctd29yay1zdGF0aW9uLWRlc2stMS5qcGciLCJzbGlkZXNob3ciOiI5OWUyNzgyIn0%3D\">\n\t\t\t\t\t<div class=\"e-gallery-image elementor-gallery-item__image\" data-thumbnail=\"https:\/\/www.glas-salge.de\/wp-content\/uploads\/2023\/10\/wireless-keyboard-with-acrylic-plexiglass-separator-setting-work-station-desk-1.jpg\" data-width=\"1500\" data-height=\"1001\" aria-label=\"\" role=\"img\" ><\/div>\n\t\t\t\t\t\t\t\t\t\t\t<div class=\"elementor-gallery-item__overlay\"><\/div>\n\t\t\t\t\t\t\t\t\t\t\t\t\t\t<\/a>\n\t\t\t\t\t\t\t<a class=\"e-gallery-item elementor-gallery-item elementor-animated-content\" href=\"https:\/\/www.glas-salge.de\/wp-content\/uploads\/2023\/10\/acrylic-plexiglass-separator-setting-desk-office-1.jpg\" data-elementor-open-lightbox=\"yes\" data-elementor-lightbox-slideshow=\"99e2782\" data-elementor-lightbox-title=\"acrylic-plexiglass-separator-setting-desk-office (1)\" data-e-action-hash=\"#elementor-action%3Aaction%3Dlightbox%26settings%3DeyJpZCI6Mzg0NCwidXJsIjoiaHR0cHM6XC9cL3d3dy5nbGFzLXNhbGdlLmRlXC93cC1jb250ZW50XC91cGxvYWRzXC8yMDIzXC8xMFwvYWNyeWxpYy1wbGV4aWdsYXNzLXNlcGFyYXRvci1zZXR0aW5nLWRlc2stb2ZmaWNlLTEuanBnIiwic2xpZGVzaG93IjoiOTllMjc4MiJ9\">\n\t\t\t\t\t<div class=\"e-gallery-image elementor-gallery-item__image\" data-thumbnail=\"https:\/\/www.glas-salge.de\/wp-content\/uploads\/2023\/10\/acrylic-plexiglass-separator-setting-desk-office-1.jpg\" data-width=\"1500\" data-height=\"1001\" aria-label=\"\" role=\"img\" ><\/div>\n\t\t\t\t\t\t\t\t\t\t\t<div class=\"elementor-gallery-item__overlay\"><\/div>\n\t\t\t\t\t\t\t\t\t\t\t\t\t\t<\/a>\n\t\t\t\t\t\t\t<a class=\"e-gallery-item elementor-gallery-item elementor-animated-content\" href=\"https:\/\/www.glas-salge.de\/wp-content\/uploads\/2023\/10\/close-up-acrylic-plexiglass-separator-standing-partition-wall-with-pass-through-desk-meeting-room-1.jpg\" data-elementor-open-lightbox=\"yes\" data-elementor-lightbox-slideshow=\"99e2782\" data-elementor-lightbox-title=\"close-up-acrylic-plexiglass-separator-standing-partition-wall-with-pass-through-desk-meeting-room (1)\" data-e-action-hash=\"#elementor-action%3Aaction%3Dlightbox%26settings%3DeyJpZCI6Mzg0NSwidXJsIjoiaHR0cHM6XC9cL3d3dy5nbGFzLXNhbGdlLmRlXC93cC1jb250ZW50XC91cGxvYWRzXC8yMDIzXC8xMFwvY2xvc2UtdXAtYWNyeWxpYy1wbGV4aWdsYXNzLXNlcGFyYXRvci1zdGFuZGluZy1wYXJ0aXRpb24td2FsbC13aXRoLXBhc3MtdGhyb3VnaC1kZXNrLW1lZXRpbmctcm9vbS0xLmpwZyIsInNsaWRlc2hvdyI6Ijk5ZTI3ODIifQ%3D%3D\">\n\t\t\t\t\t<div class=\"e-gallery-image elementor-gallery-item__image\" data-thumbnail=\"https:\/\/www.glas-salge.de\/wp-content\/uploads\/2023\/10\/close-up-acrylic-plexiglass-separator-standing-partition-wall-with-pass-through-desk-meeting-room-1.jpg\" data-width=\"1500\" data-height=\"1001\" aria-label=\"\" role=\"img\" ><\/div>\n\t\t\t\t\t\t\t\t\t\t\t<div class=\"elementor-gallery-item__overlay\"><\/div>\n\t\t\t\t\t\t\t\t\t\t\t\t\t\t<\/a>\n\t\t\t\t\t\t\t<a class=\"e-gallery-item elementor-gallery-item elementor-animated-content\" href=\"https:\/\/www.glas-salge.de\/wp-content\/uploads\/2023\/10\/clear-glass-sign-white-surface-1-1.jpg\" data-elementor-open-lightbox=\"yes\" data-elementor-lightbox-slideshow=\"99e2782\" data-elementor-lightbox-title=\"clear-glass-sign-white-surface (1) (1)\" data-e-action-hash=\"#elementor-action%3Aaction%3Dlightbox%26settings%3DeyJpZCI6Mzg0NiwidXJsIjoiaHR0cHM6XC9cL3d3dy5nbGFzLXNhbGdlLmRlXC93cC1jb250ZW50XC91cGxvYWRzXC8yMDIzXC8xMFwvY2xlYXItZ2xhc3Mtc2lnbi13aGl0ZS1zdXJmYWNlLTEtMS5qcGciLCJzbGlkZXNob3ciOiI5OWUyNzgyIn0%3D\">\n\t\t\t\t\t<div class=\"e-gallery-image elementor-gallery-item__image\" data-thumbnail=\"https:\/\/www.glas-salge.de\/wp-content\/uploads\/2023\/10\/clear-glass-sign-white-surface-1-1.jpg\" data-width=\"1500\" data-height=\"1500\" aria-label=\"\" role=\"img\" ><\/div>\n\t\t\t\t\t\t\t\t\t\t\t<div class=\"elementor-gallery-item__overlay\"><\/div>\n\t\t\t\t\t\t\t\t\t\t\t\t\t\t<\/a>\n\t\t\t\t\t<\/div>\n\t\t\t\t\t<\/div>\n\t\t\t\t\t<\/div>\n\t\t<\/div>\n\t\t\t\t\t<\/div>\n\t\t<\/section>\n\t\t\t\t<section class=\"elementor-section elementor-top-section elementor-element elementor-element-828e57e elementor-section-boxed elementor-section-height-default elementor-section-height-default\" data-id=\"828e57e\" data-element_type=\"section\" data-settings=\"{&quot;background_background&quot;:&quot;classic&quot;,&quot;jet_parallax_layout_list&quot;:[]}\">\n\t\t\t\t\t\t<div class=\"elementor-container elementor-column-gap-default\">\n\t\t\t\t\t<div class=\"elementor-column elementor-col-100 elementor-top-column elementor-element elementor-element-35dc51a\" data-id=\"35dc51a\" data-element_type=\"column\">\n\t\t\t<div class=\"elementor-widget-wrap elementor-element-populated\">\n\t\t\t\t\t\t<section class=\"elementor-section elementor-inner-section elementor-element elementor-element-e85b19e elementor-section-boxed elementor-section-height-default elementor-section-height-default\" data-id=\"e85b19e\" data-element_type=\"section\" data-settings=\"{&quot;jet_parallax_layout_list&quot;:[]}\">\n\t\t\t\t\t\t<div class=\"elementor-container elementor-column-gap-default\">\n\t\t\t\t\t<div class=\"elementor-column elementor-col-100 elementor-inner-column elementor-element elementor-element-37dbbd2\" data-id=\"37dbbd2\" data-element_type=\"column\">\n\t\t\t<div class=\"elementor-widget-wrap elementor-element-populated\">\n\t\t\t\t\t\t<div class=\"elementor-element elementor-element-b81ee4c elementor-widget__width-inherit elementor-widget elementor-widget-heading\" data-id=\"b81ee4c\" data-element_type=\"widget\" data-widget_type=\"heading.default\">\n\t\t\t\t\t<h2 class=\"elementor-heading-title elementor-size-default\">Unser Instagram<\/h2>\t\t\t\t<\/div>\n\t\t\t\t\t<\/div>\n\t\t<\/div>\n\t\t\t\t\t<\/div>\n\t\t<\/section>\n\t\t\t\t<div class=\"elementor-element elementor-element-fccc0dc elementor-widget elementor-widget-shortcode\" data-id=\"fccc0dc\" data-element_type=\"widget\" data-widget_type=\"shortcode.default\">\n\t\t\t\t\t\t\t<div class=\"elementor-shortcode\">[instagram-feed feed=2]<\/div>\n\t\t\t\t\t\t<\/div>\n\t\t\t\t\t<\/div>\n\t\t<\/div>\n\t\t\t\t\t<\/div>\n\t\t<\/section>\n\t\t\t\t<\/div>","protected":false},"excerpt":{"rendered":"<p>Home Hygienew\u00e4nde In sensiblen Bereichen wie Krankenh\u00e4usern, Labors oder Gastronomiebetrieben sind hygienische L\u00f6sungen von entscheidender Bedeutung. Unsere hygienischen Glasw\u00e4nde bieten eine glatte, leicht zu reinigende Oberfl\u00e4che und tragen dazu bei, das Risiko von Keimbildung und Bakterienansammlungen zu minimieren. Mit unserer Expertise und Erfahrung schaffen wir hygienische Umgebungen, die den h\u00f6chsten Standards gerecht werden und einen [&hellip;]<\/p>","protected":false},"author":2,"featured_media":0,"parent":101,"menu_order":0,"comment_status":"closed","ping_status":"closed","template":"elementor_header_footer","meta":{"footnotes":""},"class_list":["post-1495","page","type-page","status-publish","hentry"],"_links":{"self":[{"href":"https:\/\/www.glas-salge.de\/en\/wp-json\/wp\/v2\/pages\/1495","targetHints":{"allow":["GET"]}}],"collection":[{"href":"https:\/\/www.glas-salge.de\/en\/wp-json\/wp\/v2\/pages"}],"about":[{"href":"https:\/\/www.glas-salge.de\/en\/wp-json\/wp\/v2\/types\/page"}],"author":[{"embeddable":true,"href":"https:\/\/www.glas-salge.de\/en\/wp-json\/wp\/v2\/users\/2"}],"replies":[{"embeddable":true,"href":"https:\/\/www.glas-salge.de\/en\/wp-json\/wp\/v2\/comments?post=1495"}],"version-history":[{"count":61,"href":"https:\/\/www.glas-salge.de\/en\/wp-json\/wp\/v2\/pages\/1495\/revisions"}],"predecessor-version":[{"id":5069,"href":"https:\/\/www.glas-salge.de\/en\/wp-json\/wp\/v2\/pages\/1495\/revisions\/5069"}],"up":[{"embeddable":true,"href":"https:\/\/www.glas-salge.de\/en\/wp-json\/wp\/v2\/pages\/101"}],"wp:attachment":[{"href":"https:\/\/www.glas-salge.de\/en\/wp-json\/wp\/v2\/media?parent=1495"}],"curies":[{"name":"wp","href":"https:\/\/api.w.org\/{rel}","templated":true}]}}