{"id":135,"date":"2023-07-10T07:33:20","date_gmt":"2023-07-10T07:33:20","guid":{"rendered":"https:\/\/www.glas-salge.de\/?page_id=135"},"modified":"2025-04-10T15:20:37","modified_gmt":"2025-04-10T13:20:37","slug":"turen-raumteiler","status":"publish","type":"page","link":"https:\/\/www.glas-salge.de\/en\/interior\/turen-raumteiler\/","title":{"rendered":"T\u00fcren &#038; Raumteiler"},"content":{"rendered":"<div data-elementor-type=\"wp-page\" data-elementor-id=\"135\" class=\"elementor elementor-135\" data-elementor-post-type=\"page\">\n\t\t\t\t\t\t<section class=\"elementor-section elementor-top-section elementor-element elementor-element-5e79cc4 elementor-section-content-middle elementor-section-boxed elementor-section-height-default elementor-section-height-default\" data-id=\"5e79cc4\" data-element_type=\"section\" data-settings=\"{&quot;background_background&quot;:&quot;classic&quot;,&quot;jet_parallax_layout_list&quot;:[]}\">\n\t\t\t\t\t\t\t<div class=\"elementor-background-overlay\"><\/div>\n\t\t\t\t\t\t\t<div class=\"elementor-container elementor-column-gap-default\">\n\t\t\t\t\t<div class=\"elementor-column elementor-col-50 elementor-top-column elementor-element elementor-element-0fdf5f7\" data-id=\"0fdf5f7\" data-element_type=\"column\">\n\t\t\t<div class=\"elementor-widget-wrap elementor-element-populated\">\n\t\t\t\t\t\t\t<\/div>\n\t\t<\/div>\n\t\t\t\t<div class=\"elementor-column elementor-col-50 elementor-top-column elementor-element elementor-element-db99ad1\" data-id=\"db99ad1\" data-element_type=\"column\">\n\t\t\t<div class=\"elementor-widget-wrap elementor-element-populated\">\n\t\t\t\t\t\t<div class=\"elementor-element elementor-element-433bd0e elementor-icon-list--layout-inline elementor-widget__width-auto elementor-list-item-link-full_width elementor-widget elementor-widget-icon-list\" data-id=\"433bd0e\" data-element_type=\"widget\" data-widget_type=\"icon-list.default\">\n\t\t\t\t\t\t\t<ul class=\"elementor-icon-list-items elementor-inline-items\">\n\t\t\t\t\t\t\t<li class=\"elementor-icon-list-item elementor-inline-item\">\n\t\t\t\t\t\t\t\t\t\t\t<a href=\"https:\/\/www.glas-salge.de\/en\">\n\n\t\t\t\t\t\t\t\t\t\t\t<span class=\"elementor-icon-list-text\">Home <\/span>\n\t\t\t\t\t\t\t\t\t\t\t<\/a>\n\t\t\t\t\t\t\t\t\t<\/li>\n\t\t\t\t\t\t\t\t<li class=\"elementor-icon-list-item elementor-inline-item\">\n\t\t\t\t\t\t\t\t\t\t<span class=\"elementor-icon-list-text\"><\/span>\n\t\t\t\t\t\t\t\t\t<\/li>\n\t\t\t\t\t\t<\/ul>\n\t\t\t\t\t\t<\/div>\n\t\t\t\t\t<\/div>\n\t\t<\/div>\n\t\t\t\t\t<\/div>\n\t\t<\/section>\n\t\t\t\t<section class=\"elementor-section elementor-top-section elementor-element elementor-element-1ec83df1 elementor-section-content-middle elementor-reverse-mobile elementor-reverse-tablet elementor-section-boxed elementor-section-height-default elementor-section-height-default\" data-id=\"1ec83df1\" data-element_type=\"section\" data-settings=\"{&quot;background_background&quot;:&quot;classic&quot;,&quot;jet_parallax_layout_list&quot;:[]}\">\n\t\t\t\t\t\t<div class=\"elementor-container elementor-column-gap-default\">\n\t\t\t\t\t<div class=\"elementor-column elementor-col-50 elementor-top-column elementor-element elementor-element-55e5527d\" data-id=\"55e5527d\" data-element_type=\"column\">\n\t\t\t<div class=\"elementor-widget-wrap elementor-element-populated\">\n\t\t\t\t\t\t<div class=\"elementor-element elementor-element-328b7499 elementor-widget-tablet__width-auto elementor-widget elementor-widget-image\" data-id=\"328b7499\" data-element_type=\"widget\" data-widget_type=\"image.default\">\n\t\t\t\t\t\t\t\t\t\t\t\t\t\t\t<img fetchpriority=\"high\" decoding=\"async\" width=\"1134\" height=\"756\" src=\"https:\/\/www.glas-salge.de\/wp-content\/uploads\/2023\/11\/mwe_loftdream_12.jpg\" class=\"attachment-full size-full wp-image-4511\" alt=\"\" srcset=\"https:\/\/www.glas-salge.de\/wp-content\/uploads\/2023\/11\/mwe_loftdream_12.jpg 1134w, https:\/\/www.glas-salge.de\/wp-content\/uploads\/2023\/11\/mwe_loftdream_12-300x200.jpg 300w, https:\/\/www.glas-salge.de\/wp-content\/uploads\/2023\/11\/mwe_loftdream_12-1024x683.jpg 1024w, https:\/\/www.glas-salge.de\/wp-content\/uploads\/2023\/11\/mwe_loftdream_12-768x512.jpg 768w\" sizes=\"(max-width: 1134px) 100vw, 1134px\" \/>\t\t\t\t\t\t\t\t\t\t\t\t\t\t\t<\/div>\n\t\t\t\t\t<\/div>\n\t\t<\/div>\n\t\t\t\t<div class=\"elementor-column elementor-col-50 elementor-top-column elementor-element elementor-element-687d4e66\" data-id=\"687d4e66\" data-element_type=\"column\">\n\t\t\t<div class=\"elementor-widget-wrap elementor-element-populated\">\n\t\t\t\t\t\t<div class=\"elementor-element elementor-element-45373558 elementor-widget elementor-widget-heading\" data-id=\"45373558\" data-element_type=\"widget\" data-widget_type=\"heading.default\">\n\t\t\t\t\t<h2 class=\"elementor-heading-title elementor-size-default\">T\u00fcren und Raumteiler<\/h2>\t\t\t\t<\/div>\n\t\t\t\t<div class=\"elementor-element elementor-element-57c6a1dd elementor-widget elementor-widget-text-editor\" data-id=\"57c6a1dd\" data-element_type=\"widget\" data-widget_type=\"text-editor.default\">\n\t\t\t\t\t\t\t\t\t<p>Unsere ma\u00dfgefertigten Glas-T\u00fcren und Raumteiler, darunter Ganzglast\u00fcren, Pendelt\u00fcren und Schiebet\u00fcren, vereinen Funktionalit\u00e4t und \u00e4sthetisches Design. Egal, ob Sie einen eleganten Hingucker f\u00fcr ihr Zuhause oder eine flexible Raumaufteilung f\u00fcr ihr B\u00fcro ben\u00f6tigst, wir haben die passende L\u00f6sung f\u00fcr sie.<\/p>\n<p>Unsere T\u00fcren und Raumteiler aus Glas schaffen eine harmonische Atmosph\u00e4re und verleihen ihrem Raum einen Hauch von Raffinesse. Mit transparenten oder satinierten Glasoberfl\u00e4chen bieten sie sowohl Sichtschutz als auch Lichtdurchl\u00e4ssigkeit. Dank hochwertigem Sicherheitsglas sind sie zudem langlebig und pflegeleicht.<\/p>\t\t\t\t\t\t\t\t<\/div>\n\t\t\t\t<section class=\"elementor-section elementor-inner-section elementor-element elementor-element-ada9eb7 elementor-section-boxed elementor-section-height-default elementor-section-height-default\" data-id=\"ada9eb7\" data-element_type=\"section\" data-settings=\"{&quot;background_background&quot;:&quot;classic&quot;,&quot;jet_parallax_layout_list&quot;:[]}\">\n\t\t\t\t\t\t<div class=\"elementor-container elementor-column-gap-default\">\n\t\t\t\t\t<div class=\"elementor-column elementor-col-100 elementor-inner-column elementor-element elementor-element-addbaa9\" data-id=\"addbaa9\" data-element_type=\"column\">\n\t\t\t<div class=\"elementor-widget-wrap elementor-element-populated\">\n\t\t\t\t\t\t<div class=\"elementor-element elementor-element-aee99c2 elementor-widget__width-auto elementor-widget elementor-widget-heading\" data-id=\"aee99c2\" data-element_type=\"widget\" data-widget_type=\"heading.default\">\n\t\t\t\t\t<h2 class=\"elementor-heading-title elementor-size-default\">Trend:<\/h2>\t\t\t\t<\/div>\n\t\t\t\t<div class=\"elementor-element elementor-element-64d1af9 elementor-widget__width-auto elementor-widget elementor-widget-text-editor\" data-id=\"64d1af9\" data-element_type=\"widget\" data-widget_type=\"text-editor.default\">\n\t\t\t\t\t\t\t\t\t<p>#Smart Home\u00a0 #Glas-Schiebet\u00fcren<\/p>\t\t\t\t\t\t\t\t<\/div>\n\t\t\t\t\t<\/div>\n\t\t<\/div>\n\t\t\t\t\t<\/div>\n\t\t<\/section>\n\t\t\t\t\t<\/div>\n\t\t<\/div>\n\t\t\t\t\t<\/div>\n\t\t<\/section>\n\t\t\t\t<section class=\"elementor-section elementor-top-section elementor-element elementor-element-a6c6459 elementor-section-boxed elementor-section-height-default elementor-section-height-default\" data-id=\"a6c6459\" data-element_type=\"section\" data-settings=\"{&quot;background_background&quot;:&quot;classic&quot;,&quot;jet_parallax_layout_list&quot;:[]}\">\n\t\t\t\t\t\t<div class=\"elementor-container elementor-column-gap-default\">\n\t\t\t\t\t<div class=\"elementor-column elementor-col-100 elementor-top-column elementor-element elementor-element-3ec6f07\" data-id=\"3ec6f07\" data-element_type=\"column\">\n\t\t\t<div class=\"elementor-widget-wrap elementor-element-populated\">\n\t\t\t\t\t\t<div class=\"elementor-element elementor-element-95c9982 elementor-widget elementor-widget-gallery\" data-id=\"95c9982\" data-element_type=\"widget\" data-settings=\"{&quot;image_hover_animation&quot;:&quot;grow&quot;,&quot;columns_tablet&quot;:4,&quot;columns_mobile&quot;:2,&quot;lazyload&quot;:&quot;yes&quot;,&quot;gallery_layout&quot;:&quot;grid&quot;,&quot;columns&quot;:4,&quot;gap&quot;:{&quot;unit&quot;:&quot;px&quot;,&quot;size&quot;:10,&quot;sizes&quot;:[]},&quot;gap_tablet&quot;:{&quot;unit&quot;:&quot;px&quot;,&quot;size&quot;:10,&quot;sizes&quot;:[]},&quot;gap_mobile&quot;:{&quot;unit&quot;:&quot;px&quot;,&quot;size&quot;:10,&quot;sizes&quot;:[]},&quot;link_to&quot;:&quot;file&quot;,&quot;aspect_ratio&quot;:&quot;3:2&quot;,&quot;overlay_background&quot;:&quot;yes&quot;,&quot;content_hover_animation&quot;:&quot;fade-in&quot;}\" data-widget_type=\"gallery.default\">\n\t\t\t\t\t\t\t<div class=\"elementor-gallery__container\">\n\t\t\t\t\t\t\t<a class=\"e-gallery-item elementor-gallery-item elementor-animated-content\" href=\"https:\/\/www.glas-salge.de\/wp-content\/uploads\/2023\/10\/Stosgriff_Magnethalterung-scaled.jpg\" data-elementor-open-lightbox=\"yes\" data-elementor-lightbox-slideshow=\"95c9982\" data-elementor-lightbox-title=\"Sto\u00dfgriff_Magnethalterung\" data-e-action-hash=\"#elementor-action%3Aaction%3Dlightbox%26settings%3DeyJpZCI6MzQ4NywidXJsIjoiaHR0cHM6XC9cL3d3dy5nbGFzLXNhbGdlLmRlXC93cC1jb250ZW50XC91cGxvYWRzXC8yMDIzXC8xMFwvU3Rvc2dyaWZmX01hZ25ldGhhbHRlcnVuZy1zY2FsZWQuanBnIiwic2xpZGVzaG93IjoiOTVjOTk4MiJ9\">\n\t\t\t\t\t<div class=\"e-gallery-image elementor-gallery-item__image\" data-thumbnail=\"https:\/\/www.glas-salge.de\/wp-content\/uploads\/2023\/10\/Stosgriff_Magnethalterung-scaled.jpg\" data-width=\"2560\" data-height=\"1920\" aria-label=\"\" role=\"img\" ><\/div>\n\t\t\t\t\t\t\t\t\t\t\t<div class=\"elementor-gallery-item__overlay\"><\/div>\n\t\t\t\t\t\t\t\t\t\t\t\t\t\t<\/a>\n\t\t\t\t\t\t\t<a class=\"e-gallery-item elementor-gallery-item elementor-animated-content\" href=\"https:\/\/www.glas-salge.de\/wp-content\/uploads\/2023\/10\/IM_UNIQUIN_GGA_Zarge_geschl_Box-Buero-scaled.jpg\" data-elementor-open-lightbox=\"yes\" data-elementor-lightbox-slideshow=\"95c9982\" data-elementor-lightbox-title=\"IM_UNIQUIN_GGA_Zarge_geschl_Box-Buero\" data-e-action-hash=\"#elementor-action%3Aaction%3Dlightbox%26settings%3DeyJpZCI6MzQ2NSwidXJsIjoiaHR0cHM6XC9cL3d3dy5nbGFzLXNhbGdlLmRlXC93cC1jb250ZW50XC91cGxvYWRzXC8yMDIzXC8xMFwvSU1fVU5JUVVJTl9HR0FfWmFyZ2VfZ2VzY2hsX0JveC1CdWVyby1zY2FsZWQuanBnIiwic2xpZGVzaG93IjoiOTVjOTk4MiJ9\">\n\t\t\t\t\t<div class=\"e-gallery-image elementor-gallery-item__image\" data-thumbnail=\"https:\/\/www.glas-salge.de\/wp-content\/uploads\/2023\/10\/IM_UNIQUIN_GGA_Zarge_geschl_Box-Buero-scaled.jpg\" data-width=\"2560\" data-height=\"2560\" aria-label=\"\" role=\"img\" ><\/div>\n\t\t\t\t\t\t\t\t\t\t\t<div class=\"elementor-gallery-item__overlay\"><\/div>\n\t\t\t\t\t\t\t\t\t\t\t\t\t\t<\/a>\n\t\t\t\t\t\t\t<a class=\"e-gallery-item elementor-gallery-item elementor-animated-content\" href=\"https:\/\/www.glas-salge.de\/wp-content\/uploads\/2023\/10\/Beispielbild_Deubl_TWS_Salge.jpg\" data-elementor-open-lightbox=\"yes\" data-elementor-lightbox-slideshow=\"95c9982\" data-elementor-lightbox-title=\"Beispielbild_Deubl_TWS_Salge\" data-e-action-hash=\"#elementor-action%3Aaction%3Dlightbox%26settings%3DeyJpZCI6MzQxMywidXJsIjoiaHR0cHM6XC9cL3d3dy5nbGFzLXNhbGdlLmRlXC93cC1jb250ZW50XC91cGxvYWRzXC8yMDIzXC8xMFwvQmVpc3BpZWxiaWxkX0RldWJsX1RXU19TYWxnZS5qcGciLCJzbGlkZXNob3ciOiI5NWM5OTgyIn0%3D\">\n\t\t\t\t\t<div class=\"e-gallery-image elementor-gallery-item__image\" data-thumbnail=\"https:\/\/www.glas-salge.de\/wp-content\/uploads\/2023\/10\/Beispielbild_Deubl_TWS_Salge.jpg\" data-width=\"1137\" data-height=\"910\" aria-label=\"\" role=\"img\" ><\/div>\n\t\t\t\t\t\t\t\t\t\t\t<div class=\"elementor-gallery-item__overlay\"><\/div>\n\t\t\t\t\t\t\t\t\t\t\t\t\t\t<\/a>\n\t\t\t\t\t\t\t<a class=\"e-gallery-item elementor-gallery-item elementor-animated-content\" href=\"https:\/\/www.glas-salge.de\/wp-content\/uploads\/2023\/10\/Beispielbild_Loft_Design.jpg\" data-elementor-open-lightbox=\"yes\" data-elementor-lightbox-slideshow=\"95c9982\" data-elementor-lightbox-title=\"Beispielbild_Loft_Design\" data-e-action-hash=\"#elementor-action%3Aaction%3Dlightbox%26settings%3DeyJpZCI6MzQxNiwidXJsIjoiaHR0cHM6XC9cL3d3dy5nbGFzLXNhbGdlLmRlXC93cC1jb250ZW50XC91cGxvYWRzXC8yMDIzXC8xMFwvQmVpc3BpZWxiaWxkX0xvZnRfRGVzaWduLmpwZyIsInNsaWRlc2hvdyI6Ijk1Yzk5ODIifQ%3D%3D\">\n\t\t\t\t\t<div class=\"e-gallery-image elementor-gallery-item__image\" data-thumbnail=\"https:\/\/www.glas-salge.de\/wp-content\/uploads\/2023\/10\/Beispielbild_Loft_Design.jpg\" data-width=\"876\" data-height=\"782\" aria-label=\"\" role=\"img\" ><\/div>\n\t\t\t\t\t\t\t\t\t\t\t<div class=\"elementor-gallery-item__overlay\"><\/div>\n\t\t\t\t\t\t\t\t\t\t\t\t\t\t<\/a>\n\t\t\t\t\t\t\t<a class=\"e-gallery-item elementor-gallery-item elementor-animated-content\" href=\"https:\/\/www.glas-salge.de\/wp-content\/uploads\/2023\/10\/IM_MANET_Schieben_geschl_Betonwand-scaled.jpg\" data-elementor-open-lightbox=\"yes\" data-elementor-lightbox-slideshow=\"95c9982\" data-elementor-lightbox-title=\"IM_MANET_Schieben_geschl_Betonwand\" data-e-action-hash=\"#elementor-action%3Aaction%3Dlightbox%26settings%3DeyJpZCI6MzQzMSwidXJsIjoiaHR0cHM6XC9cL3d3dy5nbGFzLXNhbGdlLmRlXC93cC1jb250ZW50XC91cGxvYWRzXC8yMDIzXC8xMFwvSU1fTUFORVRfU2NoaWViZW5fZ2VzY2hsX0JldG9ud2FuZC1zY2FsZWQuanBnIiwic2xpZGVzaG93IjoiOTVjOTk4MiJ9\">\n\t\t\t\t\t<div class=\"e-gallery-image elementor-gallery-item__image\" data-thumbnail=\"https:\/\/www.glas-salge.de\/wp-content\/uploads\/2023\/10\/IM_MANET_Schieben_geschl_Betonwand-scaled.jpg\" data-width=\"1810\" data-height=\"2560\" aria-label=\"\" role=\"img\" ><\/div>\n\t\t\t\t\t\t\t\t\t\t\t<div class=\"elementor-gallery-item__overlay\"><\/div>\n\t\t\t\t\t\t\t\t\t\t\t\t\t\t<\/a>\n\t\t\t\t\t\t\t<a class=\"e-gallery-item elementor-gallery-item elementor-animated-content\" href=\"https:\/\/www.glas-salge.de\/wp-content\/uploads\/2023\/10\/IMG_20230306_151112-scaled.jpg\" data-elementor-open-lightbox=\"yes\" data-elementor-lightbox-slideshow=\"95c9982\" data-elementor-lightbox-title=\"IMG_20230306_151112\" data-e-action-hash=\"#elementor-action%3Aaction%3Dlightbox%26settings%3DeyJpZCI6MzQ3MSwidXJsIjoiaHR0cHM6XC9cL3d3dy5nbGFzLXNhbGdlLmRlXC93cC1jb250ZW50XC91cGxvYWRzXC8yMDIzXC8xMFwvSU1HXzIwMjMwMzA2XzE1MTExMi1zY2FsZWQuanBnIiwic2xpZGVzaG93IjoiOTVjOTk4MiJ9\">\n\t\t\t\t\t<div class=\"e-gallery-image elementor-gallery-item__image\" data-thumbnail=\"https:\/\/www.glas-salge.de\/wp-content\/uploads\/2023\/10\/IMG_20230306_151112-scaled.jpg\" data-width=\"2560\" data-height=\"1920\" aria-label=\"\" role=\"img\" ><\/div>\n\t\t\t\t\t\t\t\t\t\t\t<div class=\"elementor-gallery-item__overlay\"><\/div>\n\t\t\t\t\t\t\t\t\t\t\t\t\t\t<\/a>\n\t\t\t\t\t\t\t<a class=\"e-gallery-item elementor-gallery-item elementor-animated-content\" href=\"https:\/\/www.glas-salge.de\/wp-content\/uploads\/2023\/10\/LOFT-Anlage_Hannover.jpg\" data-elementor-open-lightbox=\"yes\" data-elementor-lightbox-slideshow=\"95c9982\" data-elementor-lightbox-title=\"LOFT Anlage_Hannover\" data-e-action-hash=\"#elementor-action%3Aaction%3Dlightbox%26settings%3DeyJpZCI6MzQ3NCwidXJsIjoiaHR0cHM6XC9cL3d3dy5nbGFzLXNhbGdlLmRlXC93cC1jb250ZW50XC91cGxvYWRzXC8yMDIzXC8xMFwvTE9GVC1BbmxhZ2VfSGFubm92ZXIuanBnIiwic2xpZGVzaG93IjoiOTVjOTk4MiJ9\">\n\t\t\t\t\t<div class=\"e-gallery-image elementor-gallery-item__image\" data-thumbnail=\"https:\/\/www.glas-salge.de\/wp-content\/uploads\/2023\/10\/LOFT-Anlage_Hannover.jpg\" data-width=\"971\" data-height=\"922\" aria-label=\"\" role=\"img\" ><\/div>\n\t\t\t\t\t\t\t\t\t\t\t<div class=\"elementor-gallery-item__overlay\"><\/div>\n\t\t\t\t\t\t\t\t\t\t\t\t\t\t<\/a>\n\t\t\t\t\t\t\t<a class=\"e-gallery-item elementor-gallery-item elementor-animated-content\" href=\"https:\/\/www.glas-salge.de\/wp-content\/uploads\/2023\/10\/MSTS_HomeOffice_Lager_o.jpg\" data-elementor-open-lightbox=\"yes\" data-elementor-lightbox-slideshow=\"95c9982\" data-elementor-lightbox-title=\"MSTS_HomeOffice_Lager_o\" data-e-action-hash=\"#elementor-action%3Aaction%3Dlightbox%26settings%3DeyJpZCI6MzQ3OSwidXJsIjoiaHR0cHM6XC9cL3d3dy5nbGFzLXNhbGdlLmRlXC93cC1jb250ZW50XC91cGxvYWRzXC8yMDIzXC8xMFwvTVNUU19Ib21lT2ZmaWNlX0xhZ2VyX28uanBnIiwic2xpZGVzaG93IjoiOTVjOTk4MiJ9\">\n\t\t\t\t\t<div class=\"e-gallery-image elementor-gallery-item__image\" data-thumbnail=\"https:\/\/www.glas-salge.de\/wp-content\/uploads\/2023\/10\/MSTS_HomeOffice_Lager_o.jpg\" data-width=\"2469\" data-height=\"2004\" aria-label=\"\" role=\"img\" ><\/div>\n\t\t\t\t\t\t\t\t\t\t\t<div class=\"elementor-gallery-item__overlay\"><\/div>\n\t\t\t\t\t\t\t\t\t\t\t\t\t\t<\/a>\n\t\t\t\t\t<\/div>\n\t\t\t\t\t<\/div>\n\t\t\t\t<div class=\"elementor-element elementor-element-f11e37c elementor-align-center elementor-widget elementor-widget-button\" data-id=\"f11e37c\" data-element_type=\"widget\" data-widget_type=\"button.default\">\n\t\t\t\t\t\t\t\t\t\t<a class=\"elementor-button elementor-button-link elementor-size-sm\" href=\"#elementor-action%3Aaction%3Dpopup%3Aopen%26settings%3DeyJpZCI6IjMzMDEiLCJ0b2dnbGUiOmZhbHNlfQ%3D%3D\">\n\t\t\t\t\t\t<span class=\"elementor-button-content-wrapper\">\n\t\t\t\t\t\t\t\t\t<span class=\"elementor-button-text\">Mehr Fotos<\/span>\n\t\t\t\t\t<\/span>\n\t\t\t\t\t<\/a>\n\t\t\t\t\t\t\t\t<\/div>\n\t\t\t\t\t<\/div>\n\t\t<\/div>\n\t\t\t\t\t<\/div>\n\t\t<\/section>\n\t\t\t\t<section class=\"elementor-section elementor-top-section elementor-element elementor-element-828e57e elementor-section-boxed elementor-section-height-default elementor-section-height-default\" data-id=\"828e57e\" data-element_type=\"section\" data-settings=\"{&quot;background_background&quot;:&quot;classic&quot;,&quot;jet_parallax_layout_list&quot;:[]}\">\n\t\t\t\t\t\t<div class=\"elementor-container elementor-column-gap-default\">\n\t\t\t\t\t<div class=\"elementor-column elementor-col-100 elementor-top-column elementor-element elementor-element-35dc51a\" data-id=\"35dc51a\" data-element_type=\"column\">\n\t\t\t<div class=\"elementor-widget-wrap elementor-element-populated\">\n\t\t\t\t\t\t<section class=\"elementor-section elementor-inner-section elementor-element elementor-element-e85b19e elementor-section-boxed elementor-section-height-default elementor-section-height-default\" data-id=\"e85b19e\" data-element_type=\"section\" data-settings=\"{&quot;jet_parallax_layout_list&quot;:[]}\">\n\t\t\t\t\t\t<div class=\"elementor-container elementor-column-gap-default\">\n\t\t\t\t\t<div class=\"elementor-column elementor-col-100 elementor-inner-column elementor-element elementor-element-37dbbd2\" data-id=\"37dbbd2\" data-element_type=\"column\">\n\t\t\t<div class=\"elementor-widget-wrap elementor-element-populated\">\n\t\t\t\t\t\t<div class=\"elementor-element elementor-element-b81ee4c elementor-widget__width-inherit elementor-widget elementor-widget-heading\" data-id=\"b81ee4c\" data-element_type=\"widget\" data-widget_type=\"heading.default\">\n\t\t\t\t\t<h2 class=\"elementor-heading-title elementor-size-default\">Unser Instagram<\/h2>\t\t\t\t<\/div>\n\t\t\t\t\t<\/div>\n\t\t<\/div>\n\t\t\t\t\t<\/div>\n\t\t<\/section>\n\t\t\t\t<div class=\"elementor-element elementor-element-5f74951 elementor-widget elementor-widget-shortcode\" data-id=\"5f74951\" data-element_type=\"widget\" data-widget_type=\"shortcode.default\">\n\t\t\t\t\t\t\t<div class=\"elementor-shortcode\">[instagram-feed feed=2]<\/div>\n\t\t\t\t\t\t<\/div>\n\t\t\t\t\t<\/div>\n\t\t<\/div>\n\t\t\t\t\t<\/div>\n\t\t<\/section>\n\t\t\t\t<\/div>","protected":false},"excerpt":{"rendered":"<p>Home T\u00fcren und Raumteiler Unsere ma\u00dfgefertigten Glas-T\u00fcren und Raumteiler, darunter Ganzglast\u00fcren, Pendelt\u00fcren und Schiebet\u00fcren, vereinen Funktionalit\u00e4t und \u00e4sthetisches Design. Egal, ob Sie einen eleganten Hingucker f\u00fcr ihr Zuhause oder eine flexible Raumaufteilung f\u00fcr ihr B\u00fcro ben\u00f6tigst, wir haben die passende L\u00f6sung f\u00fcr sie. Unsere T\u00fcren und Raumteiler aus Glas schaffen eine harmonische Atmosph\u00e4re und verleihen [&hellip;]<\/p>","protected":false},"author":2,"featured_media":0,"parent":101,"menu_order":0,"comment_status":"closed","ping_status":"closed","template":"elementor_header_footer","meta":{"footnotes":""},"class_list":["post-135","page","type-page","status-publish","hentry"],"_links":{"self":[{"href":"https:\/\/www.glas-salge.de\/en\/wp-json\/wp\/v2\/pages\/135","targetHints":{"allow":["GET"]}}],"collection":[{"href":"https:\/\/www.glas-salge.de\/en\/wp-json\/wp\/v2\/pages"}],"about":[{"href":"https:\/\/www.glas-salge.de\/en\/wp-json\/wp\/v2\/types\/page"}],"author":[{"embeddable":true,"href":"https:\/\/www.glas-salge.de\/en\/wp-json\/wp\/v2\/users\/2"}],"replies":[{"embeddable":true,"href":"https:\/\/www.glas-salge.de\/en\/wp-json\/wp\/v2\/comments?post=135"}],"version-history":[{"count":167,"href":"https:\/\/www.glas-salge.de\/en\/wp-json\/wp\/v2\/pages\/135\/revisions"}],"predecessor-version":[{"id":5041,"href":"https:\/\/www.glas-salge.de\/en\/wp-json\/wp\/v2\/pages\/135\/revisions\/5041"}],"up":[{"embeddable":true,"href":"https:\/\/www.glas-salge.de\/en\/wp-json\/wp\/v2\/pages\/101"}],"wp:attachment":[{"href":"https:\/\/www.glas-salge.de\/en\/wp-json\/wp\/v2\/media?parent=135"}],"curies":[{"name":"wp","href":"https:\/\/api.w.org\/{rel}","templated":true}]}}